{"id":228,"date":"2010-08-19T19:26:59","date_gmt":"2010-08-19T18:26:59","guid":{"rendered":"https:\/\/www.slovak-translation.sk\/specialisation-experiences\/"},"modified":"2025-02-20T23:09:16","modified_gmt":"2025-02-20T22:09:16","slug":"specialisation-experiences","status":"publish","type":"page","link":"https:\/\/www.slovak-translation.sk\/de\/specialisation-experiences\/","title":{"rendered":"Spezialisierung, Erfahrungen"},"content":{"rendered":"<h4 id=\"nadpis\">Spezialisierung detailliert: Projekte, die ich in der letzten Zeit getan habe<\/h4>\n<p><a href=\"http:\/\/www.slovak-translation.sk\/books\/\">f\u00fcr BUCH\u00dcBERSETZUNGEN hier klicken<\/a><\/p>\n<p><strong>MEDIZINISCHE \u00dcBERSETZUNG\/LEKTORAT<\/strong><\/p>\n<ul>\n<li>Handb\u00fccher zu medizinischen Instrumente:<\/li>\n<\/ul>\n<p>elektrophysiologische Katheters, 50 000 W\u00f6rter (Biosense Webster)<\/p>\n<p>Sterilisationsanlage, 10 000 W\u00f6rtermedizinischer Kompressor, 10 000 W\u00f6rter (Pari)<\/p>\n<p>medizinischer Generator, 10 000 W\u00f6rter<\/p>\n<p>Medikamentzerst\u00e4uber, 60 000 W\u00f6rter (Pari)<\/p>\n<p>Radiograph, 20 000 W\u00f6rter (Elan Pharmaceuticals)<\/p>\n<p>Spektrometer, 15 000 W\u00f6rter (Panalytical)<\/p>\n<p>Konservierungsanlage f\u00fcr An\u00e4sthetikum, 10 000 W\u00f6rter (Hudson)<\/p>\n<p>F\u00fclladapter, 10 000 W\u00f6rter (Hudson)<\/p>\n<p>Laboratorische Zellgewebeverarbeitungsanlage, 20 000 W\u00f6rter (Thermo)<\/p>\n<p>Refraktometer\/Auto-Keratorefraktometer, 15 000 W\u00f6rter (Topcon)<\/p>\n<p>monopolar Hochfrequenzanlage f\u00fcr an\u00e4sthetische Prozeduren, 4000 W\u00f6rter (Thermage)<\/p>\n<p>HF chirurgische Scheren, 20 000 W\u00f6rter (Olympus)<\/p>\n<p>Mobile Workstation, 10 000 W\u00f6rter (Olympus)<\/p>\n<p>Rhinolaryngovideoskop, 13 000 W\u00f6rter (Olympus)<\/p>\n<p>Cystonephrovideoskop, 20 000 W\u00f6rter (Olympus)<\/p>\n<p>Ultraschallchirurgisches System, 13 000 W\u00f6rter (Olympus)<\/p>\n<p>Respiratorisches elektrisches Diarum des Maximumdurchlaufs, 4000 W\u00f6rter (Vitalograph)<\/p>\n<p>Einmaliges EMR-Set f\u00fcr Endoskope, 10 000 W\u00f6rter (Olympus)<\/p>\n<p>OES Uretero-renofiberskop, 15 000 W\u00f6rter (Olympus)<\/p>\n<p>Unterdrucksystem f\u00fcr Wundentherapie, 15 000 W\u00f6rter (KCI)<\/p>\n<p>IVRS Handbuch + Arbeitsbl\u00e4tter, 60 000 W\u00f6rter (Covance Diagnostics)<\/p>\n<p>An\u00e4sthetische Workstation Software, 3000 W\u00f6rter (Dr\u00e4ger Medical)<\/p>\n<p>Gebrauchsbereite Medien in den Schalen f\u00fcr Identifikation von Pathogene, 25 000 W\u00f6rter (Becton Dickinson Diagnostics)<\/p>\n<p>Pulmonary Function Testing (PFT) &amp; Vitalograph PFT registrierende Software &#8211; 6.000 words (Vitalograph\/Novo Nordisk)<\/p>\n<p>CardIQ Fusion PET, CardIQ Fusion SPECT \u2013 Volume Viewer 3 Softwareerweiterung, 6 000 W\u00f6rter (GE Medical Systems)<\/p>\n<p>CardIQ Function Xpress, Volume Viewer 3.1 Softwareerweiterung, 4 000 W\u00f6rter (GE Medical Systems)<\/p>\n<p>Cardiac X-Ray Analysis Aplikationen: Stenosis Analysis, Left Ventricle Analysis, 10 000 W\u00f6rter (GE Medical Systems)<\/p>\n<p>Tiefgang in Volume Viewer 3.1, Volume Viewer PET, 10 000 W\u00f6rter (GE Medical Systems)<\/p>\n<p>Volume Viewer 3.1; Volume Viewer PET; AutoBone Xpress: schnelle Betriebsanleitung \u2013 klinische Szenare, 5 000 W\u00f6rter (GE Medical Systems)<\/p>\n<p>Volume Viewer 3.1, Volume Viewer PET, AutoBone Xpress Durchblick, Betriebsanleitung, 10 000 W\u00f6rter (GE Medical Systems)<\/p>\n<p>Volume Viewer 3.1, Volume Viewer PET, AutoBone Xpress Durchblick, 7 500 W\u00f6rter (GE Medical Systems)<\/p>\n<p>OptiVantage Injektor OEM CAN Schnittstellenset, 2 500 W\u00f6rter (Liebel-Flarsheim)<\/p>\n<p>Advantage Workstation (AW) Reporting Tool, 20 000 W\u00f6rter (GE Medical Systems)<\/p>\n<p>einmaliges und ambulatorisches Elastomerinfusionssystem \u2013 EasyPump, 2 500 W\u00f6rter<\/p>\n<p>Packmachine (flowpack) Handbuch + SW, 20 000 W\u00f6rter (Tevopharm)<\/p>\n<p>Thrombektomiekathetersystem, 2 500 W\u00f6rter (Kensey-Nash)<\/p>\n<p>QuickCat Extraktionskatheter, 1 500 W\u00f6rter (Kensey-Nash)<\/p>\n<p>Volume Viewer 3.1, Volume Viewer PET, AutoBone Xpress: Handbuch, klinische Szenare, 5 000 W\u00f6rter (GE Medical Systems)<\/p>\n<p>Rundspulen, 7 000 W\u00f6rter (GE Medical Systems)<\/p>\n<p>AdvantageSim MD Handbuch, 23 000 W\u00f6rter (GE Medical Systems)<\/p>\n<p>Advantage 4D Handbuch, 12 000 W\u00f6rter (GE Medical Systems)<\/p>\n<p>AW VolumeShare 2 Handbuch, 40 000 W\u00f6rter (GE Medical Systems)<\/p>\n<p>Interactive Voice Response System (IVRS) und Interactive Web Response System (IWRS) Studien, 400 000 W\u00f6rter (ClinPhone\/Parexel\/Perceptive Informatics)verschiedene Produktetiketten und Informationsflugbl\u00e4tter f\u00fcr Patienten, Klinikstudie-Vertrag, Gebrauchsanleitungen (Dentallegierung, Beschlichtungsgel f\u00fcr Gastroenterologie)<\/p>\n<p><strong>TECHNISCHE \u00dcBERSETZUNG\/LEKTORAT: MASCHINEN UND INSTRUMENTE<\/strong><\/p>\n<ul>\n<li>Handb\u00fccher:<\/li>\n<\/ul>\n<p>L\u00f6tlampen, 30 000 W\u00f6rter (Cooper)<\/p>\n<p>Motoren betrieben mit PLC, 30 000 W\u00f6rter (SEW-Eurodrive)<\/p>\n<p>Verarbeitungsmaschine f\u00fcr Stoffe, 30 000 W\u00f6rter (Br\u00fcckner)<\/p>\n<p>Spritzgiess-formmaschine, 15 000 W\u00f6rter (Ferromatik)<\/p>\n<p>Hubstapler-Zusatzeinrichtung: Seitenschubanlage, 5000 W\u00f6rter (Cascade)<\/p>\n<p>Schneidwickler, 57 000 W\u00f6rter (Valmet Atlas)<\/p>\n<p>Kaschierpresse, 15 000 W\u00f6rter (Frimo)<\/p>\n<p>Zylinderblock-Bearbeitungsmaschine, 45 000 W\u00f6rter (Gehring)<\/p>\n<p>Ultraschallabsch\u00e4tzungsger\u00e4t, 2400 W\u00f6rter (Stanley Tools)<\/p>\n<p>Tiefendetektor, 1500 W\u00f6rter (Stanley Tools)<\/p>\n<p>Elektrische Eingangsanlage, 5000 W\u00f6rter (Wanzl)<\/p>\n<p>Elektro-Kraftstoffpumpe, 2000 W\u00f6rter (Bosch)<\/p>\n<p>Baterieanschlussger\u00e4t, 3000 W\u00f6rter (Multin Hittech BV)<\/p>\n<p>Reinigungsaggregat, 3000 W\u00f6rter (Wandres)<\/p>\n<p>Lager- und Kommissioniersysteme Handbuch, 30 000 W\u00f6rter (Bito)<\/p>\n<p>Bandieranlage horizontal, 6 000 W\u00f6rter (Lukas Anlagenbau)<\/p>\n<p>Kimberly-Clark Professional: Kleenguard \u2013 Katalog von Schutzbrillen, Staubschutzmasken, Schutzhandschuhen und Schutzkleidung,<\/p>\n<p>10 000 W\u00f6rter (Kimberly-Clark)<\/p>\n<p>MTS EN Standards Asphalt Testsystem, 5 000 W\u00f6rter (MTS Systems)<\/p>\n<p>Feuermelderleistungen Spezifizierung, 10 000 W\u00f6rter (Osborn Associates Limited)<\/p>\n<p>Steuerung SYS 6000 zur Steuerung, Regelung und \u00dcberwachung von SCA-Materialauftragsystemen mit Einzeldosierer, 33 000 W\u00f6rter (DEKRA Machinery &amp; Equipment)<\/p>\n<p>R\u00f6ntgenpr\u00fcfsystem, PCBA Analysator, 16 000 W\u00f6rter (GE Sensing &amp; Inspection Technologies)<\/p>\n<p>F\u00fcgeanlage A-S\u00e4ule Betriebsanleitung, 22 000 W\u00f6rter (AKE Systemtechnik)<\/p>\n<p>Kastenw\u00e4scher + SW, 11 000 W\u00f6rter (KHS)<\/p>\n<p>Gebindetransport + SW, 6 000 W\u00f6rter (KHS)<\/p>\n<p>Beh\u00e4ltertransport-Anlage, 5 000 W\u00f6rter (KHS)<\/p>\n<p>SoftControl dF (drucklose Flaschenzusammenf\u00fchrung), 4 000 W\u00f6rter (KHS)<\/p>\n<p>Spulenwickelanlage, 15 000 W (Elmotec Statomat)<\/p>\n<p>Gef\u00e4hrdungs-\/Belastungskatalog f\u00fcr den Bereich Elektroinstallationsarbeiten, 13\u00a0000 W\u00f6rter (Wahlen &amp; Schabbach Elektroinstallations)<\/p>\n<p>Kompakt-Fl\u00e4chenspritzautomat, 13 000 W\u00f6rter (SPMA Spezialmaschinen)<\/p>\n<p>TrayShrinkPacker, 20\u00a0000 W\u00f6rter (Innopack)<\/p>\n<p>Blasformmaschine Betriebsanleitung, 250\u00a0000 W\u00f6rter (KHS Corpoplast)<\/p>\n<p>Platinenstapelanlage, 5 500 W\u00f6rter (NSM Magnettechnik)<\/p>\n<p>Rolltreppen, Flug\u00fcbungsanlage, Aufz\u00fcge, Tauchpumpen, Garagentor, Gaserhitzer, W\u00e4rmer\/Klimaanlage usw.<\/p>\n<ul>\n<li>SPS SW<\/li>\n<\/ul>\n<p><strong>HANDEL<\/strong><\/p>\n<p>Axa Healthcare Produktsmaterialien, 70.000 W\u00f6rter<\/p>\n<p>Bankwesen, Wirtschaft und Finanzen, Versicherung, verschiedene Marketing- und Werbetexte (Kataloge, Brosch\u00fcren), Werbepr\u00e4sentationen, Management, Personalwesen \u2013 HR (verschiedene Frageb\u00f6gen, Kodexe der Verhaltensweise im Gesch\u00e4ftsbereich, Jahresberichte, People@Liberty Global Hauszeitschrift)<\/p>\n<p><strong>IT<\/strong><\/p>\n<ul>\n<li>Internetseitenlokalisation<\/li>\n<\/ul>\n<p>Genossenschaft mund- oder fussmalender K\u00fcnstler: www.VDMFK.com, 100 000 W\u00f6rter www.HP.sk<\/p>\n<p>www.EuropeAid.com, 20 000 W\u00f6rter<\/p>\n<p>www.PartyGaming.com, 200 000 W\u00f6rter<\/p>\n<p>www.HP.sk<\/p>\n<p>www.TENA.com, 100,000 words<\/p>\n<p>www.Ladbrokes.com, 40,000 words<\/p>\n<p>www.ETWeb.com<\/p>\n<ul>\n<li>SW-Lokalisation<\/li>\n<\/ul>\n<p>Samsung PC Studio<\/p>\n<ul>\n<li>HW-Handb\u00fccher<\/li>\n<\/ul>\n<p>Drucker, Scanner, All-in-one Ger\u00e4te<\/p>\n<p><strong>EU<\/strong><\/p>\n<p>EuropeAid-Internetseite, 20 000 W\u00f6rter (www.EuropeAid.com)<\/p>\n<p>Geschichte der WWU Brosch\u00fcre, 7000 W\u00f6rter<\/p>\n<p>Komissionsrichtilien festlegende die Luftfrachtl\u00fchrerdieliste, die Betriebsverbot auf dem EU Gebiet unterliegen Dokument<\/p>\n<p>DG ECFIN: Kurzes Vademekum \u00fcber Euro<\/p>\n<p>EU: Arbeit in Holland: Rechte und Pflichten der Besch\u00e4ftigten aus der EU L\u00e4nder, 7000 W\u00f6rter<\/p>\n<p>EU: Daphne Broch\u00fcren: Problemen und Praxis in der Gewalt gegen Kinder, jugendliche Leute und Frauen Bek\u00e4mpfung, 100 000 W\u00f6rter<\/p>\n<p>Pack&#8217;s leichter an! Europ\u00e4ische Woche zu Muskel- und Skeletterkrankungen, 25 000 W\u00f6rter<\/p>\n<p>Physische Einfl\u00fcsse von manueller Handhabung des Ladegutes, 3 000 W\u00f6rter<\/p>\n<p>Durchsetzung der Gleiche in der Praxis, 10 000 W\u00f6rter<\/p>\n<p>Europ\u00e4ischer Sozialfond \u2013 50 Jahre der Anlegung f\u00fcr die Menschen, 18 000 W\u00f6rter<\/p>\n<p>Erneuerbaren Energiequellen \u00e4ndern die Sachen, 6 000 W\u00f6rter<\/p>\n<p>Lifelong Learning Programme: Jean Monnet, Grundtvig, Comenius, Erasmus und Leonardo Projekte, 55 000 W\u00f6rter<\/p>\n<p>Lifelong Learning Programme 2007-2013 \u2013 F\u00fchrer f\u00fcr Bewerber, 20 000 W\u00f6rter<\/p>\n<p>Klima\u00e4nderungen Kampagne Webseite, 5 000 W\u00f6rter<\/p>\n<p><strong>TELEKOMMUNIKATION UND ELEKTRONIK<\/strong><\/p>\n<ul>\n<li>Handb\u00fccher<\/li>\n<\/ul>\n<p>verschiedene Handys, CD- und MP3-Laufwerke, DVD-Recorder, Fernseher, Fotoapparate, Videokameras, Radios, Batterie-Ladeger\u00e4te, Schutzbrillen f\u00fcr Abspielen der Digitalmusik<\/p>\n<p>Globalnavigationssystem, 30 000 W\u00f6rter (Garmin)<\/p>\n<p><strong>UNTERHALTUNG: PC-, HANDY- UND ANDERE SPIELE<\/strong><\/p>\n<ul>\n<li>Sony PlayStation-Spiele<\/li>\n<\/ul>\n<p>z.B. Smash Court Tennis; Rise to Honour; SingStar; Athens 2004; Syphon Filter; Formula One 04; DJ: DECKS &amp; FX; Crisis Zone; Ape Escape; Urban Reign; US Navy SEALS; 24 The Game, Navy SEALs Fireteam Bravo; Key Of Heaven, Buzz!: The big quiz, SingStar Rocks!, DAXTER, Tourist Trophy, Talkman, World Tour Soccer 2, Shinobido: Way of the Ninja, Tekken: Dark Ressurection, Ace Combat: The Belkan War, Ape Academy 2, B-Boy, BUZZ! Junior: Jungle Party, SingStar Legends, Ridge Racer 2, Ratchet &amp; Clank Size Matters, SingStar Pop Hits, SOCOM: U.S. NAVY SEALs Combined Assault; SOCOM: U.S. Navy SEALs Fireteam Bravo 2; Buzz! The Mega Quiz; Buzz! RoboJam; PS: Buzz! Junior: Monster Rumble; FOLKLORE; SYPHON FILTER\u2122 DARK MIRROR; Buzz!: The Hollywood Quiz; SingStar R&amp;B; EYETOY\u00ae PLAY: ASTRO ZOO<\/p>\n<ul>\n<li>Andere<\/li>\n<\/ul>\n<p>www.PartyGaming.com, 200 000 W\u00f6rter<\/p>\n<p><strong>HAUSHALTSGER\u00c4TE<\/strong><\/p>\n<ul>\n<li>Handb\u00fccher<\/li>\n<\/ul>\n<p>verschiedene Backr\u00f6hren, Mikrowellenherde, Friteusen, Waschmaschinen, R\u00f6ster, Schnellkochkanne, Kombid\u00e4mpfer<\/p>\n<p><strong>\u00d6KOLOGIE UND UMWELT<\/strong><\/p>\n<ul>\n<li>mehrere Projekte betreffende erneuerbaren Energiequellen (Biomasse, Solar-, Thermal-, Foto-EMK-Zellen- und Geothermalenergie, erneuerbaren Kraftstoffe) und entsprechende Energiesparmassnahmen (Inkorporationsaspekte, Bewertungsmittel, Fallstudien, neueste Entwicklungen)<\/li>\n<\/ul>\n<ul>\n<li>andere<\/li>\n<\/ul>\n<p>Prozessrichtlinien f\u00fcr European Energy Award Berater (mit der Teilnahme der Bev\u00f6lkerung im Energieteam), Energiesparungsgarantievertr\u00e4ge, Vertr\u00e4ge \u00fcber gemeinsame W\u00e4rme- und Stromlieferung; Richtlinien f\u00fcr Tageslicht- und Flutlichtdesign, entsprechende Revisionen und \u00dcberwachung<\/p>\n<p>\u00dcbereinkommen \u00fcber den Gesundheitsschutz der Arbeitnehmer durch gute Handhabung und Verwendung von kristallinem Siliziumdioxid und dieses enthaltender Produkte, 44 000 W\u00f6rter (Europ\u00e4ischer Metallgewerkschaftsbund)<\/p>\n<p><strong>ANDERE<\/strong><\/p>\n<p>Bildung, Werbung (Anzeigengruppe f\u00fcr Olympische Spiele 2004), Kunst, Architektur, Reisen und Fremdenverkehr, Kosmetik (Produktflugbl\u00e4tter), Spielzeuge (Handb\u00fccher), Mode, Gastronomie, Gesundheit, Korrespondenz<\/p>\n","protected":false},"excerpt":{"rendered":"<p>Spezialisierung detailliert: Projekte, die ich in der letzten Zeit getan habe f\u00fcr BUCH\u00dcBERSETZUNGEN hier klicken MEDIZINISCHE \u00dcBERSETZUNG\/LEKTORAT Handb\u00fccher zu medizinischen Instrumente: elektrophysiologische Katheters, 50 000 W\u00f6rter (Biosense Webster) Sterilisationsanlage, 10 000 W\u00f6rtermedizinischer Kompressor, 10 000 W\u00f6rter (Pari) medizinischer Generator, 10 &hellip; <a href=\"https:\/\/www.slovak-translation.sk\/de\/specialisation-experiences\/\">Continue reading <span class=\"meta-nav\">&rarr;<\/span><\/a><\/p>\n","protected":false},"author":1,"featured_media":0,"parent":0,"menu_order":0,"comment_status":"closed","ping_status":"closed","template":"","meta":{"footnotes":""},"class_list":["post-228","page","type-page","status-publish","hentry"],"_links":{"self":[{"href":"https:\/\/www.slovak-translation.sk\/de\/wp-json\/wp\/v2\/pages\/228","targetHints":{"allow":["GET"]}}],"collection":[{"href":"https:\/\/www.slovak-translation.sk\/de\/wp-json\/wp\/v2\/pages"}],"about":[{"href":"https:\/\/www.slovak-translation.sk\/de\/wp-json\/wp\/v2\/types\/page"}],"author":[{"embeddable":true,"href":"https:\/\/www.slovak-translation.sk\/de\/wp-json\/wp\/v2\/users\/1"}],"replies":[{"embeddable":true,"href":"https:\/\/www.slovak-translation.sk\/de\/wp-json\/wp\/v2\/comments?post=228"}],"version-history":[{"count":1,"href":"https:\/\/www.slovak-translation.sk\/de\/wp-json\/wp\/v2\/pages\/228\/revisions"}],"predecessor-version":[{"id":257,"href":"https:\/\/www.slovak-translation.sk\/de\/wp-json\/wp\/v2\/pages\/228\/revisions\/257"}],"wp:attachment":[{"href":"https:\/\/www.slovak-translation.sk\/de\/wp-json\/wp\/v2\/media?parent=228"}],"curies":[{"name":"wp","href":"https:\/\/api.w.org\/{rel}","templated":true}]}}