{"id":233,"date":"2010-08-19T20:27:50","date_gmt":"2010-08-19T19:27:50","guid":{"rendered":"https:\/\/www.slovak-translation.sk\/references\/"},"modified":"2025-02-20T23:09:12","modified_gmt":"2025-02-20T22:09:12","slug":"references","status":"publish","type":"page","link":"https:\/\/www.slovak-translation.sk\/de\/references\/","title":{"rendered":"Referenzen"},"content":{"rendered":"<h4 id=\"nadpis\">Referenzen<\/h4>\n<p>Hiermit best\u00e4tige ich, dass Frau Petra Simkovicova die letzten 3 Jahre f\u00fcr unsere Gesellschaft SDL Poland Sp. z o.o. als \u00dcbersetzerin und Editorin t\u00e4tig ist. Sie hat f\u00fcr uns aus den nachfolgenden Fachgebieten \u00fcbersetzt: IT, Hardware, Software-Lokalisation, Verbraucherelektronik, Technik, Mechanik, Fahrzeugbau, Medizin, Marketing und allgemeine \u00dcbersetzungen.<\/p>\n<p>Dank Ihrer Pr\u00e4zision, hervorragender Kenntnis der slowakischen und englischen Sprache, p\u00fcnktlicher Einhaltung von Lieferfristen und die Begierde die anspruchsvollsten Auftr\u00e4ge zu \u00fcbernehmen brachte in diesen Jahren eine Reihe von gemeinsamen Erfolgen. Wir m\u00f6chten hervorheben, dass Sie zwecks Erzielung der bestm\u00f6glichen L\u00f6sungen mit \u00dcbersetzern zusammenarbeitet.<\/p>\n<p>Wir sind \u00fcber unsere Zusammenarbeit in den letzten Jahren sehr froh und gleichzeitig freuen wir uns auf unsere baldige enge Zusammenarbeit.<\/p>\n<p><em> Micha\u0142 Burak<\/em><\/p>\n<p><em>Lieferantenmanager<\/em><\/p>\n<p><em>SDL Poland &#8211; CE Division <\/em><\/p>\n<p><a href=\"http:\/\/www.sdl.com\/\" target=\"_blank\" rel=\"noopener noreferrer\">http:\/\/www.sdl.com<\/a><\/p>\n<p>Wir arbeiten mit Petra zusammen von V\/2005. Vom Anfang sind wir \u00fcberhaupt zufrieden, weill sie schnell, verl\u00e4sslich und sorgf\u00e4ltig arbeitet. Ich kann sie nur empfehlen.<\/p>\n<p><em> Iris Ludolf<\/em><\/p>\n<p><em>Partnertrans\u00ae GmbH<\/em><\/p>\n<p><em>Deutschland <\/em><\/p>\n<p><a href=\"http:\/\/www.partnertrans.com\/\" target=\"_blank\" rel=\"noopener noreferrer\">www.partnertrans.com<\/a><\/p>\n<p>Ich w\u00fcrde mich gerne bei Petra Simkovicova f\u00fcr bisherige Zusammenarbeit bedanken und so unsere Zufriedenheit mit der Qualit\u00e4t und Pr\u00e4zision der Dienste, die sie unserer Gesellschaft &#8211; Bowne Global Solutions bereits mehrere Jahren leistet, ausdr\u00fccken. Ich w\u00fcrde gern haupts\u00e4chlich die Zufriedenheit mit der fachlichen Meisterschaft der \u00dcbersetzungen, gro\u00dfe Flexibilit\u00e4t und Bereitschaft, mit denen wir begegnet haben und auch den professionellen Zugang von Ihrer Seite hervorheben. Ich glaube stark an unsere n\u00e4chste Kooperation.<\/p>\n<p><em> Vitezslav Sislak<\/em><\/p>\n<p><em>Lieferantenmanager<\/em><\/p>\n<p><em>Bowne Global Solutions Slovakia\/Lionbridge <\/em><\/p>\n<p><a href=\"http:\/\/www.lionbridge.com\/\" target=\"_blank\" rel=\"noopener noreferrer\">www.lionbridge.com<\/a><\/p>\n<p>Frau Simkovicova \u00fcbernimmt seit 2003 regelm\u00e4\u00dfig von unserem Unternehmen \u00dcbersetzungsdiensleistungen vom Deutschen und Englischen ins Slowakische. Dabei handelt es sich insbesondere um leichte technische Anleitungen.<\/p>\n<p>Sie ist zu jeder Zeit eine \u00e4u\u00dferst zuverl\u00e4ssige, kompetente und freundliche Kollegin, und wir k\u00f6nnen Sie und vorbehaltlos weiterempfehlen. Wir freuen uns auf eine weitere Zusammenarbeit mit ihr.<\/p>\n<p><em> Jana Mare\u0161<\/em><\/p>\n<p><em>Gesch\u00e4ftsf\u00fchrerin<\/em><\/p>\n<p>Mare\u0161 \u00dcbersetzungsb\u00fcro GmbH<\/p>\n<p><em>Deutschland <\/em><\/p>\n<p><a href=\"http:\/\/www.mares-munich.de\/\" target=\"_blank\" rel=\"noopener noreferrer\">www.mares-munich.de<\/a><\/p>\n","protected":false},"excerpt":{"rendered":"<p>Referenzen Hiermit best\u00e4tige ich, dass Frau Petra Simkovicova die letzten 3 Jahre f\u00fcr unsere Gesellschaft SDL Poland Sp. z o.o. als \u00dcbersetzerin und Editorin t\u00e4tig ist. Sie hat f\u00fcr uns aus den nachfolgenden Fachgebieten \u00fcbersetzt: IT, Hardware, Software-Lokalisation, Verbraucherelektronik, Technik, &hellip; <a href=\"https:\/\/www.slovak-translation.sk\/de\/references\/\">Continue reading <span class=\"meta-nav\">&rarr;<\/span><\/a><\/p>\n","protected":false},"author":1,"featured_media":0,"parent":0,"menu_order":0,"comment_status":"closed","ping_status":"closed","template":"","meta":{"footnotes":""},"class_list":["post-233","page","type-page","status-publish","hentry"],"_links":{"self":[{"href":"https:\/\/www.slovak-translation.sk\/de\/wp-json\/wp\/v2\/pages\/233","targetHints":{"allow":["GET"]}}],"collection":[{"href":"https:\/\/www.slovak-translation.sk\/de\/wp-json\/wp\/v2\/pages"}],"about":[{"href":"https:\/\/www.slovak-translation.sk\/de\/wp-json\/wp\/v2\/types\/page"}],"author":[{"embeddable":true,"href":"https:\/\/www.slovak-translation.sk\/de\/wp-json\/wp\/v2\/users\/1"}],"replies":[{"embeddable":true,"href":"https:\/\/www.slovak-translation.sk\/de\/wp-json\/wp\/v2\/comments?post=233"}],"version-history":[{"count":1,"href":"https:\/\/www.slovak-translation.sk\/de\/wp-json\/wp\/v2\/pages\/233\/revisions"}],"predecessor-version":[{"id":256,"href":"https:\/\/www.slovak-translation.sk\/de\/wp-json\/wp\/v2\/pages\/233\/revisions\/256"}],"wp:attachment":[{"href":"https:\/\/www.slovak-translation.sk\/de\/wp-json\/wp\/v2\/media?parent=233"}],"curies":[{"name":"wp","href":"https:\/\/api.w.org\/{rel}","templated":true}]}}