{"id":239,"date":"2010-08-19T20:56:12","date_gmt":"2010-08-19T19:56:12","guid":{"rendered":"https:\/\/www.slovak-translation.sk\/homepage\/"},"modified":"2010-08-19T20:56:12","modified_gmt":"2010-08-19T20:56:12","slug":"homepage","status":"publish","type":"page","link":"https:\/\/www.slovak-translation.sk\/de\/","title":{"rendered":"Homepage"},"content":{"rendered":"<ul>\n<li>freiberufliche \u00dcbersetzerin, Lektorin und Korrektorin seit 1998<\/li>\n<\/ul>\n<ul>\n<li>17 <a href=\"http:\/\/www.slovak-translation.sk\/books\/\" target=\"_self\" rel=\"noopener noreferrer\">Buch\u00fcbersetzungen<\/a> f\u00fcr die gr\u00f6ssten slowakischen Verlage,\u00a0 z.B. Reader\u2019s Digest, Ikar, Slovart, Cesty (Romane, Bildungsliteratur, Biografie, leichte Literatur, Kochb\u00fccher)<\/li>\n<\/ul>\n<ul>\n<li>SW-Lokalisation \u2013 12 Monate Vollzeitarbeit (als \u00dcbersetzerin und Korrektorin)<\/li>\n<\/ul>\n<ul>\n<li>Mitgliedschaften: Slowakische Gesellschaft der \u00dcbersetzer der Fachliteratur, Slowakische Assoziation von \u00dcbersetzern der Kunstliteratur<\/li>\n<\/ul>\n<ul>\n<li>ich arbeite mit der g\u00e4ngigsten CAT-Programme: Trados Studio, memoQ, WordBee, Phrase\/Memsource<\/li>\n<\/ul>\n<ul>\n<li>ich bin verantwortungsvolle, vertrauensw\u00fcrdige und flexibel Person<\/li>\n<\/ul>\n","protected":false},"excerpt":{"rendered":"<p>freiberufliche \u00dcbersetzerin, Lektorin und Korrektorin seit 1998 17 Buch\u00fcbersetzungen f\u00fcr die gr\u00f6ssten slowakischen Verlage,\u00a0 z.B. Reader\u2019s Digest, Ikar, Slovart, Cesty (Romane, Bildungsliteratur, Biografie, leichte Literatur, Kochb\u00fccher) SW-Lokalisation \u2013 12 Monate Vollzeitarbeit (als \u00dcbersetzerin und Korrektorin) Mitgliedschaften: Slowakische Gesellschaft der \u00dcbersetzer &hellip; <a href=\"https:\/\/www.slovak-translation.sk\/de\/\">Continue reading <span class=\"meta-nav\">&rarr;<\/span><\/a><\/p>\n","protected":false},"author":1,"featured_media":0,"parent":0,"menu_order":0,"comment_status":"closed","ping_status":"closed","template":"","meta":{"footnotes":""},"class_list":["post-239","page","type-page","status-publish","hentry"],"_links":{"self":[{"href":"https:\/\/www.slovak-translation.sk\/de\/wp-json\/wp\/v2\/pages\/239","targetHints":{"allow":["GET"]}}],"collection":[{"href":"https:\/\/www.slovak-translation.sk\/de\/wp-json\/wp\/v2\/pages"}],"about":[{"href":"https:\/\/www.slovak-translation.sk\/de\/wp-json\/wp\/v2\/types\/page"}],"author":[{"embeddable":true,"href":"https:\/\/www.slovak-translation.sk\/de\/wp-json\/wp\/v2\/users\/1"}],"replies":[{"embeddable":true,"href":"https:\/\/www.slovak-translation.sk\/de\/wp-json\/wp\/v2\/comments?post=239"}],"version-history":[{"count":0,"href":"https:\/\/www.slovak-translation.sk\/de\/wp-json\/wp\/v2\/pages\/239\/revisions"}],"wp:attachment":[{"href":"https:\/\/www.slovak-translation.sk\/de\/wp-json\/wp\/v2\/media?parent=239"}],"curies":[{"name":"wp","href":"https:\/\/api.w.org\/{rel}","templated":true}]}}