{"id":248,"date":"2010-08-19T20:27:39","date_gmt":"2010-08-19T19:27:39","guid":{"rendered":"https:\/\/www.slovak-translation.sk\/endkunden\/"},"modified":"2010-08-19T20:27:39","modified_gmt":"2010-08-19T19:27:39","slug":"endkunden","status":"publish","type":"page","link":"https:\/\/www.slovak-translation.sk\/de\/endkunden\/","title":{"rendered":"Endkunden"},"content":{"rendered":"<h4 id=\"nadpis\">Endkunden<\/h4>\n<p><strong>medizinische \u00dcbersetzung<\/strong><\/p>\n<ul>\n<li>Biosense Webster, Pari, Elan Pharmaceuticals, Abbott Laboratories, Aventis Pasteur, Panalytical, Hudson, Thermo, Vitalograph, Shandon, Topcon, Axios, Alfa Laval, Analytico, Thermage, Medex\/Smiths Medical, Olympus, KCI, Dr\u00e4ger Medical, Becton Dickinson Diagnostics, Covance Diagnostics, Novo Nordisk, GE Medical Systems, Liebel-Flarsheim, MED-EL, Tevopharm, Daiichi Sankyo, Light Sciences Oncology, Asahi, Kuros Biosurgery, ClinPhone\/Parexel\/Perceptive Informatics, Kensey-Nash, Sysmex, BD Biosciences, Siemens Medical Solutions, Siemens Healthcare Diagnostics, Abbott Medical Optis (AMO), Beckman Coulter, Teleflex Medical, Enterix, Medivance, Actelion Pharmaceuticals, Silentia AB, Lohmann &amp; Rauscher, Gauthier Biomedical, Studiennetzwerk f\u00fcr Kinder- und Jugendpsychiatrie, GE Healthcare Bio-Sciences AB, Synthes, Beckman Coulter, Eurocor<\/li>\n<\/ul>\n<p><strong>technische \u00dcbersetzung<\/strong><\/p>\n<ul>\n<li>Honeywell, Raab K\u00e4rcher, Bosch Thermotechnik Buderus, Cooper, SEW-Eurodrive, Valmet Atlas, Br\u00fcckner, Kathrein, Voith Paper, Watson Wyatt, Wagner, Wolff &amp; M\u00fcller, Wuppermann, Heller, Stanley, Ferromatik, Peltor, OKS, Gehring, Pointsec, Roto, Wanzl, Multin Hittech BV, Wandres, Fabory, GEA Group, Viega, Johnson Controls, Bito, GEZE, SWEP, IST-METZ, GlenDimplex, MTS, KHS, Martin Automatic, Elmotec-Statomat, AkzoNobel, Lanemark, Stankowitz Test Equipment, SAPA, Instron, GE Sensing &amp; Inspection Technologies, AKE Systemtechnik, ASSA ABLOY, Nimak, ArcelorMittal Gonvarri, B&amp;P, tesa, Wile, Betonmast, Enerpac, SAPA, Instron, GE Sensing &amp; Inspection Technologies, AKE Systemtechnik, Sechrist<\/li>\n<\/ul>\n<p><strong>Elektronik<\/strong><\/p>\n<ul>\n<li>Sony, Nokia, Philips, Panasonic, Olympus, Kodak, LG, Motorola, Garmin, Konica-Minolta, Sony-Ericsson, TTE, Sanus Systems, Samsung, Braun<\/li>\n<\/ul>\n<p><strong>SW<\/strong><\/p>\n<ul>\n<li>SAP, Symantec, Dell, Sun, Chello, Oracle<\/li>\n<\/ul>\n<p><strong>HW<\/strong><\/p>\n<ul>\n<li>Lexmark, Hewlett-Packard<\/li>\n<\/ul>\n<p><strong>Haushaltsger\u00e4te<\/strong><\/p>\n<ul>\n<li>Bosch\/Siemens, Tefal, Severin, Nilfisk, WMF, Eloma, Samsung, TEKA, Dometic &#8211; WAECO<\/li>\n<\/ul>\n<p><strong>Automobil<\/strong><\/p>\n<ul>\n<li>Volvo, Daimler-Chrysler, DAF, Frimo, Cascade<\/li>\n<\/ul>\n<p><strong>andere<\/strong><\/p>\n<ul>\n<li>Asem, Duravit, Kaufland, Energiezentrum Bratislava, International Accounting Standards Board, Swiss Re, Aegon, Dursol, Gardena, Cardo Door, Abon, Kotex, Hello Paper, Papertech, Mattel, Ross, Sto, Liberty Global, Lacalut, NogginLabs, Jurys Inns, Villeroy Boch, Shell, Tesco, Europ\u00e4ischer Metallgewerkschaftsbund, European Information Council, Anglo American Group, Provea, Flower Council of Holland, RAG Group, Transport and General Workers&#8216; Union, Axa Healthcare, Accenture, HSBC Bank, WereldKrant, GE, HBOS, The Gallup Organization, Brigham Young University Folk Dance Ensemble, SCA Hygiene Products, The Riverside Group, Carrefour, Heineken, Ladbrokes, OECD (Organisation for Economic Co-operation and Development), AXCO &#8211; Insurance Information Services, VINCI<\/li>\n<\/ul>\n","protected":false},"excerpt":{"rendered":"<p>Endkunden medizinische \u00dcbersetzung Biosense Webster, Pari, Elan Pharmaceuticals, Abbott Laboratories, Aventis Pasteur, Panalytical, Hudson, Thermo, Vitalograph, Shandon, Topcon, Axios, Alfa Laval, Analytico, Thermage, Medex\/Smiths Medical, Olympus, KCI, Dr\u00e4ger Medical, Becton Dickinson Diagnostics, Covance Diagnostics, Novo Nordisk, GE Medical Systems, Liebel-Flarsheim, &hellip; <a href=\"https:\/\/www.slovak-translation.sk\/de\/endkunden\/\">Continue reading <span class=\"meta-nav\">&rarr;<\/span><\/a><\/p>\n","protected":false},"author":1,"featured_media":0,"parent":0,"menu_order":0,"comment_status":"closed","ping_status":"closed","template":"","meta":{"footnotes":""},"class_list":["post-248","page","type-page","status-publish","hentry"],"_links":{"self":[{"href":"https:\/\/www.slovak-translation.sk\/de\/wp-json\/wp\/v2\/pages\/248","targetHints":{"allow":["GET"]}}],"collection":[{"href":"https:\/\/www.slovak-translation.sk\/de\/wp-json\/wp\/v2\/pages"}],"about":[{"href":"https:\/\/www.slovak-translation.sk\/de\/wp-json\/wp\/v2\/types\/page"}],"author":[{"embeddable":true,"href":"https:\/\/www.slovak-translation.sk\/de\/wp-json\/wp\/v2\/users\/1"}],"replies":[{"embeddable":true,"href":"https:\/\/www.slovak-translation.sk\/de\/wp-json\/wp\/v2\/comments?post=248"}],"version-history":[{"count":0,"href":"https:\/\/www.slovak-translation.sk\/de\/wp-json\/wp\/v2\/pages\/248\/revisions"}],"wp:attachment":[{"href":"https:\/\/www.slovak-translation.sk\/de\/wp-json\/wp\/v2\/media?parent=248"}],"curies":[{"name":"wp","href":"https:\/\/api.w.org\/{rel}","templated":true}]}}